{"id":215,"date":"2025-11-22T13:49:45","date_gmt":"2025-11-22T13:49:45","guid":{"rendered":"https:\/\/biomi.vikuk-dev.com\/?page_id=215"},"modified":"2025-12-15T09:38:56","modified_gmt":"2025-12-15T09:38:56","slug":"product","status":"publish","type":"page","link":"https:\/\/biomi.vikuk-dev.com\/de\/product\/","title":{"rendered":"Produkt"},"content":{"rendered":"<div data-elementor-type=\"wp-page\" data-elementor-id=\"215\" class=\"elementor elementor-215\" data-elementor-post-type=\"page\">\n\t\t\t\t<div class=\"elementor-element elementor-element-6082354e e-flex e-con-boxed e-con e-parent\" data-id=\"6082354e\" data-element_type=\"container\" data-e-type=\"container\" data-settings=\"{&quot;background_background&quot;:&quot;classic&quot;}\">\n\t\t\t\t\t<div class=\"e-con-inner\">\n\t\t<div class=\"elementor-element elementor-element-6ed84217 e-con-full e-flex e-con e-child\" data-id=\"6ed84217\" data-element_type=\"container\" data-e-type=\"container\">\n\t\t\t\t<div class=\"elementor-element elementor-element-7b1de1f4 elementor-widget__width-auto animated-fast elementor-invisible elementor-widget elementor-widget-heading\" data-id=\"7b1de1f4\" data-element_type=\"widget\" data-e-type=\"widget\" data-settings=\"{&quot;_animation&quot;:&quot;fadeInUp&quot;,&quot;_animation_delay&quot;:200}\" data-widget_type=\"heading.default\">\n\t\t\t\t\t<div class=\"elementor-heading-title elementor-size-default\"><a href=\"https:\/\/biomi.vikuk-dev.com\/de\">Home<\/a><\/div>\t\t\t\t<\/div>\n\t\t\t\t<div class=\"elementor-element elementor-element-7832fe32 elementor-widget__width-auto animated-fast elementor-invisible elementor-widget elementor-widget-heading\" data-id=\"7832fe32\" data-element_type=\"widget\" data-e-type=\"widget\" data-settings=\"{&quot;_animation&quot;:&quot;fadeInUp&quot;,&quot;_animation_delay&quot;:400}\" data-widget_type=\"heading.default\">\n\t\t\t\t\t<div class=\"elementor-heading-title elementor-size-default\"><a href=\"https:\/\/biomi.vikuk-dev.com\/de\">-<\/a><\/div>\t\t\t\t<\/div>\n\t\t\t\t<\/div>\n\t\t\t\t\t<\/div>\n\t\t\t\t<\/div>\n\t\t<div class=\"elementor-element elementor-element-4276aa2c e-flex e-con-boxed e-con e-parent\" data-id=\"4276aa2c\" data-element_type=\"container\" data-e-type=\"container\">\n\t\t\t\t\t<div class=\"e-con-inner\">\n\t\t<div class=\"elementor-element elementor-element-67327b5b e-con-full e-flex e-con e-child\" data-id=\"67327b5b\" data-element_type=\"container\" data-e-type=\"container\">\n\t\t\t\t<div class=\"elementor-element elementor-element-17902dcc elementor-widget__width-inherit elementor-widget elementor-widget-image\" data-id=\"17902dcc\" data-element_type=\"widget\" data-e-type=\"widget\" data-widget_type=\"image.default\">\n\t\t\t\t\t\t\t\t\t\t\t\t\t\t\t<img decoding=\"async\" src=\"https:\/\/biomi.vikuk-dev.com\/wp-content\/uploads\/2025\/11\/Biomi_02.png\" class=\"attachment-full size-full wp-image-64\" alt=\"\" \/>\t\t\t\t\t\t\t\t\t\t\t\t\t\t\t<\/div>\n\t\t\t\t<\/div>\n\t\t<div class=\"elementor-element elementor-element-42f18608 e-con-full e-flex e-con e-child\" data-id=\"42f18608\" data-element_type=\"container\" data-e-type=\"container\">\n\t\t\t\t<div class=\"elementor-element elementor-element-33641219 elementor-widget__width-auto animated-fast elementor-invisible elementor-widget elementor-widget-heading\" data-id=\"33641219\" data-element_type=\"widget\" data-e-type=\"widget\" data-settings=\"{&quot;_animation&quot;:&quot;fadeInUp&quot;}\" data-widget_type=\"heading.default\">\n\t\t\t\t\t<div class=\"elementor-heading-title elementor-size-default\">Therapie, die wirkt \u2013 und Freude bereitet.<\/div>\t\t\t\t<\/div>\n\t\t\t\t<div class=\"elementor-element elementor-element-7fb17901 elementor-widget elementor-widget-icon-box\" data-id=\"7fb17901\" data-element_type=\"widget\" data-e-type=\"widget\" data-widget_type=\"icon-box.default\">\n\t\t\t\t\t\t\t<div class=\"elementor-icon-box-wrapper\">\n\n\t\t\t\n\t\t\t\t\t\t<div class=\"elementor-icon-box-content\">\n\n\t\t\t\t\t\t\t\t\t<h2 class=\"elementor-icon-box-title\">\n\t\t\t\t\t\t<span  >\n\t\t\t\t\t\t\tIhre Reise in eine neue Therapiewelt beginnt hier. Aufsetzen, Aufatmen, Spa\u00df haben \u2013 f\u00fcr mehr Lebensqualit\u00e4t.\t\t\t\t\t\t<\/span>\n\t\t\t\t\t<\/h2>\n\t\t\t\t\n\t\t\t\t\t\t\t\t\t<p class=\"elementor-icon-box-description\">\n\t\t\t\t\t\t\u201cWas man erlebt, l\u00e4sst sich nicht in Bildern zeigen \u2013 Kimio muss man erleben.\" Immersive, evidenzbasierte Therapie \u2013 erlebbar nur in der Anwendung.\n\t\t\t\t\t<\/p>\n\t\t\t\t\n\t\t\t<\/div>\n\t\t\t\n\t\t<\/div>\n\t\t\t\t\t\t<\/div>\n\t\t\t\t<div class=\"elementor-element elementor-element-28d92dc elementor-widget elementor-widget-button\" data-id=\"28d92dc\" data-element_type=\"widget\" data-e-type=\"widget\" data-widget_type=\"button.default\">\n\t\t\t\t\t\t\t\t\t\t<a class=\"elementor-button elementor-button-link elementor-size-sm\" href=\"\/de\/contact-us\/\">\n\t\t\t\t\t\t<span class=\"elementor-button-content-wrapper\">\n\t\t\t\t\t\t\t\t\t<span class=\"elementor-button-text\">Get started now<\/span>\n\t\t\t\t\t<\/span>\n\t\t\t\t\t<\/a>\n\t\t\t\t\t\t\t\t<\/div>\n\t\t\t\t<\/div>\n\t\t\t\t\t<\/div>\n\t\t\t\t<\/div>\n\t\t<div class=\"elementor-element elementor-element-624de1bf e-flex e-con-boxed e-con e-parent\" data-id=\"624de1bf\" data-element_type=\"container\" data-e-type=\"container\" data-settings=\"{&quot;background_background&quot;:&quot;classic&quot;}\">\n\t\t\t\t\t<div class=\"e-con-inner\">\n\t\t<div class=\"elementor-element elementor-element-781c505e e-con-full e-flex e-con e-child\" data-id=\"781c505e\" data-element_type=\"container\" data-e-type=\"container\">\n\t\t<div class=\"elementor-element elementor-element-226b2dd4 e-flex e-con-boxed e-con e-child\" data-id=\"226b2dd4\" data-element_type=\"container\" data-e-type=\"container\">\n\t\t\t\t\t<div class=\"e-con-inner\">\n\t\t\t\t<div class=\"elementor-element elementor-element-37b87e9f elementor-widget__width-initial elementor-widget-mobile_extra__width-initial elementor-widget-mobile__width-inherit elementor-widget elementor-widget-icon-box\" data-id=\"37b87e9f\" data-element_type=\"widget\" data-e-type=\"widget\" data-widget_type=\"icon-box.default\">\n\t\t\t\t\t\t\t<div class=\"elementor-icon-box-wrapper\">\n\n\t\t\t\n\t\t\t\t\t\t<div class=\"elementor-icon-box-content\">\n\n\t\t\t\t\t\t\t\t\t<h2 class=\"elementor-icon-box-title\">\n\t\t\t\t\t\t<span  >\n\t\t\t\t\t\t\tSchmerzen sind ein Warnsystem des K\u00f6rpers\t\t\t\t\t\t<\/span>\n\t\t\t\t\t<\/h2>\n\t\t\t\t\n\t\t\t\t\t\t\t\t\t<p class=\"elementor-icon-box-description\">\n\t\t\t\t\t\tAkute Schmerzen sind urspr\u00fcnglich ein Warnsystem des K\u00f6rpers \u2013 ein Signal, das uns sch\u00fctzen soll. Doch wenn Schmerzen \u00fcber Monate bestehen bleiben, ver\u00e4ndert sich das Nervensystem: Der Mensch wird immer sensibler, selbst kleine Reize k\u00f6nnen gro\u00dfe Schmerzen ausl\u00f6sen. Der Schmerz wird chronisch und verliert seine n\u00fctzliche Warnfunktion.\n\t\t\t\t\t<\/p>\n\t\t\t\t\n\t\t\t<\/div>\n\t\t\t\n\t\t<\/div>\n\t\t\t\t\t\t<\/div>\n\t\t\t\t\t<\/div>\n\t\t\t\t<\/div>\n\t\t\t\t<\/div>\n\t\t\t\t\t<\/div>\n\t\t\t\t<\/div>\n\t\t<div class=\"elementor-element elementor-element-38ef77c e-flex e-con-boxed e-con e-parent\" data-id=\"38ef77c\" data-element_type=\"container\" data-e-type=\"container\" data-settings=\"{&quot;background_background&quot;:&quot;classic&quot;}\">\n\t\t\t\t\t<div class=\"e-con-inner\">\n\t\t<div class=\"elementor-element elementor-element-87c9167 e-con-full e-flex e-con e-child\" data-id=\"87c9167\" data-element_type=\"container\" data-e-type=\"container\">\n\t\t\t\t<div class=\"elementor-element elementor-element-38022b5 elementor-widget elementor-widget-heading\" data-id=\"38022b5\" data-element_type=\"widget\" data-e-type=\"widget\" data-widget_type=\"heading.default\">\n\t\t\t\t\t<h4 class=\"elementor-heading-title elementor-size-default\">Hier setzt KIMIO an.\n<\/h4>\t\t\t\t<\/div>\n\t\t\t\t<div class=\"elementor-element elementor-element-e7c0cd4 animated-fast elementor-invisible elementor-widget elementor-widget-icon-box\" data-id=\"e7c0cd4\" data-element_type=\"widget\" data-e-type=\"widget\" data-settings=\"{&quot;_animation&quot;:&quot;fadeInUp&quot;}\" data-widget_type=\"icon-box.default\">\n\t\t\t\t\t\t\t<div class=\"elementor-icon-box-wrapper\">\n\n\t\t\t\n\t\t\t\t\t\t<div class=\"elementor-icon-box-content\">\n\n\t\t\t\t\n\t\t\t\t\t\t\t\t\t<p class=\"elementor-icon-box-description\">\n\t\t\t\t\t\tWir behandeln die Schmerzen dort, wo sie entstehen \u2013 im Kopf. Mit unserer VR-Therapie helfen wir, die Schmerzlandkarte neu zu zeichnen und das Schmerzged\u00e4chtnis positiv zu beeinflussen.<br>\nIn einer immersiven virtuellen Welt lernen Patient:innen, ihren Schmerz zu verstehen, Entspannung und Atemtechniken gezielt einzusetzen und durch bewegungsbasierte \u00dcbungen ihren K\u00f6rper aktiv zu st\u00e4rken.<br>\nDurch den Serious-Game-Ansatz wird Therapie zu einem Erlebnis: motivierend, nachhaltig und wirksam. KIMIO f\u00f6rdert die Therapietreue, macht Spa\u00df und kann sowohl begleitet in der Klinik als auch eigenst\u00e4ndig zu Hause angewendet werden.<br>\nKIMIO ver\u00e4ndert die Schmerzlandkarte \u2013 f\u00fcr weniger Schmerz, mehr Lebensqualit\u00e4t und Freude an Bewegung.\n\t\t\t\t\t<\/p>\n\t\t\t\t\n\t\t\t<\/div>\n\t\t\t\n\t\t<\/div>\n\t\t\t\t\t\t<\/div>\n\t\t\t\t<\/div>\n\t\t<div class=\"elementor-element elementor-element-3d58a2b animated-fast e-con-full e-flex elementor-invisible e-con e-child\" data-id=\"3d58a2b\" data-element_type=\"container\" data-e-type=\"container\" data-settings=\"{&quot;background_background&quot;:&quot;classic&quot;,&quot;animation&quot;:&quot;fadeInRight&quot;,&quot;animation_delay&quot;:400}\">\n\t\t\t\t<\/div>\n\t\t<div class=\"elementor-element elementor-element-599125e animated-fast e-con-full e-flex elementor-invisible e-con e-child\" data-id=\"599125e\" data-element_type=\"container\" data-e-type=\"container\" data-settings=\"{&quot;background_background&quot;:&quot;classic&quot;,&quot;animation&quot;:&quot;fadeInRight&quot;}\">\n\t\t\t\t<\/div>\n\t\t\t\t\t<\/div>\n\t\t\t\t<\/div>\n\t\t<div class=\"elementor-element elementor-element-b591074 e-flex e-con-boxed e-con e-parent\" data-id=\"b591074\" data-element_type=\"container\" data-e-type=\"container\">\n\t\t\t\t\t<div class=\"e-con-inner\">\n\t\t<div class=\"elementor-element elementor-element-e125ff9 e-con-full e-flex e-con e-child\" data-id=\"e125ff9\" data-element_type=\"container\" data-e-type=\"container\">\n\t\t<div class=\"elementor-element elementor-element-c723260 e-flex e-con-boxed e-con e-child\" data-id=\"c723260\" data-element_type=\"container\" data-e-type=\"container\">\n\t\t\t\t\t<div class=\"e-con-inner\">\n\t\t\t\t<div class=\"elementor-element elementor-element-0b3f2d6 elementor-widget__width-initial elementor-widget-tablet__width-initial elementor-widget-mobile_extra__width-inherit elementor-invisible elementor-widget elementor-widget-icon-box\" data-id=\"0b3f2d6\" data-element_type=\"widget\" data-e-type=\"widget\" data-settings=\"{&quot;_animation&quot;:&quot;fadeInUp&quot;}\" data-widget_type=\"icon-box.default\">\n\t\t\t\t\t\t\t<div class=\"elementor-icon-box-wrapper\">\n\n\t\t\t\n\t\t\t\t\t\t<div class=\"elementor-icon-box-content\">\n\n\t\t\t\t\t\t\t\t\t<h2 class=\"elementor-icon-box-title\">\n\t\t\t\t\t\t<span  >\n\t\t\t\t\t\t\tDie Kernmodule unserer Schmerztherapie \t\t\t\t\t\t<\/span>\n\t\t\t\t\t<\/h2>\n\t\t\t\t\n\t\t\t\t\t\t\t\t\t<p class=\"elementor-icon-box-description\">\n\t\t\t\t\t\tin einer fesselnden Story, die auf dem Goldstandard der Schmerztherapie basiert\n\t\t\t\t\t<\/p>\n\t\t\t\t\n\t\t\t<\/div>\n\t\t\t\n\t\t<\/div>\n\t\t\t\t\t\t<\/div>\n\t\t\t\t\t<\/div>\n\t\t\t\t<\/div>\n\t\t<div class=\"elementor-element elementor-element-48df7d8 animated-fast e-con-full e-flex elementor-invisible e-con e-child\" data-id=\"48df7d8\" data-element_type=\"container\" data-e-type=\"container\" data-settings=\"{&quot;background_background&quot;:&quot;classic&quot;,&quot;animation&quot;:&quot;fadeInUp&quot;,&quot;animation_delay&quot;:200}\">\n\t\t\t\t<div class=\"elementor-element elementor-element-a9463d9 elementor-widget elementor-widget-image\" data-id=\"a9463d9\" data-element_type=\"widget\" data-e-type=\"widget\" data-widget_type=\"image.default\">\n\t\t\t\t\t\t\t\t\t\t\t\t\t\t\t<img fetchpriority=\"high\" decoding=\"async\" width=\"512\" height=\"512\" src=\"https:\/\/biomi.vikuk-dev.com\/wp-content\/uploads\/2025\/11\/exercise.png\" class=\"attachment-large size-large wp-image-98\" alt=\"\" srcset=\"https:\/\/biomi.vikuk-dev.com\/wp-content\/uploads\/2025\/11\/exercise.png 512w, https:\/\/biomi.vikuk-dev.com\/wp-content\/uploads\/2025\/11\/exercise-300x300.png 300w, https:\/\/biomi.vikuk-dev.com\/wp-content\/uploads\/2025\/11\/exercise-150x150.png 150w\" sizes=\"(max-width: 512px) 100vw, 512px\" \/>\t\t\t\t\t\t\t\t\t\t\t\t\t\t\t<\/div>\n\t\t\t\t<div class=\"elementor-element elementor-element-2693321 elementor-widget elementor-widget-icon-box\" data-id=\"2693321\" data-element_type=\"widget\" data-e-type=\"widget\" data-widget_type=\"icon-box.default\">\n\t\t\t\t\t\t\t<div class=\"elementor-icon-box-wrapper\">\n\n\t\t\t\n\t\t\t\t\t\t<div class=\"elementor-icon-box-content\">\n\n\t\t\t\t\t\t\t\t\t<h3 class=\"elementor-icon-box-title\">\n\t\t\t\t\t\t<span  >\n\t\t\t\t\t\t\tSchmerzlinderung durch gef\u00fchrte Entspannung\t\t\t\t\t\t<\/span>\n\t\t\t\t\t<\/h3>\n\t\t\t\t\n\t\t\t\t\n\t\t\t<\/div>\n\t\t\t\n\t\t<\/div>\n\t\t\t\t\t\t<\/div>\n\t\t\t\t<\/div>\n\t\t<div class=\"elementor-element elementor-element-51aa3b5 animated-fast e-con-full e-flex elementor-invisible e-con e-child\" data-id=\"51aa3b5\" data-element_type=\"container\" data-e-type=\"container\" data-settings=\"{&quot;background_background&quot;:&quot;classic&quot;,&quot;animation&quot;:&quot;fadeInUp&quot;,&quot;animation_delay&quot;:200}\">\n\t\t\t\t<div class=\"elementor-element elementor-element-364fad9 elementor-widget elementor-widget-image\" data-id=\"364fad9\" data-element_type=\"widget\" data-e-type=\"widget\" data-widget_type=\"image.default\">\n\t\t\t\t\t\t\t\t\t\t\t\t\t\t\t<img decoding=\"async\" width=\"512\" height=\"512\" src=\"https:\/\/biomi.vikuk-dev.com\/wp-content\/uploads\/2025\/11\/exercise1.png\" class=\"attachment-large size-large wp-image-102\" alt=\"\" srcset=\"https:\/\/biomi.vikuk-dev.com\/wp-content\/uploads\/2025\/11\/exercise1.png 512w, https:\/\/biomi.vikuk-dev.com\/wp-content\/uploads\/2025\/11\/exercise1-300x300.png 300w, https:\/\/biomi.vikuk-dev.com\/wp-content\/uploads\/2025\/11\/exercise1-150x150.png 150w\" sizes=\"(max-width: 512px) 100vw, 512px\" \/>\t\t\t\t\t\t\t\t\t\t\t\t\t\t\t<\/div>\n\t\t\t\t<div class=\"elementor-element elementor-element-14944ba elementor-widget elementor-widget-icon-box\" data-id=\"14944ba\" data-element_type=\"widget\" data-e-type=\"widget\" data-widget_type=\"icon-box.default\">\n\t\t\t\t\t\t\t<div class=\"elementor-icon-box-wrapper\">\n\n\t\t\t\n\t\t\t\t\t\t<div class=\"elementor-icon-box-content\">\n\n\t\t\t\t\t\t\t\t\t<h3 class=\"elementor-icon-box-title\">\n\t\t\t\t\t\t<span  >\n\t\t\t\t\t\t\tErh\u00f6hte Mobilit\u00e4t und weniger Schmerzen \t\t\t\t\t\t<\/span>\n\t\t\t\t\t<\/h3>\n\t\t\t\t\n\t\t\t\t\n\t\t\t<\/div>\n\t\t\t\n\t\t<\/div>\n\t\t\t\t\t\t<\/div>\n\t\t\t\t<\/div>\n\t\t<div class=\"elementor-element elementor-element-27d90f8 animated-fast e-con-full e-flex elementor-invisible e-con e-child\" data-id=\"27d90f8\" data-element_type=\"container\" data-e-type=\"container\" data-settings=\"{&quot;background_background&quot;:&quot;classic&quot;,&quot;animation&quot;:&quot;fadeInUp&quot;,&quot;animation_delay&quot;:200}\">\n\t\t\t\t<div class=\"elementor-element elementor-element-0af916d elementor-widget elementor-widget-image\" data-id=\"0af916d\" data-element_type=\"widget\" data-e-type=\"widget\" data-widget_type=\"image.default\">\n\t\t\t\t\t\t\t\t\t\t\t\t\t\t\t<img decoding=\"async\" width=\"512\" height=\"512\" src=\"https:\/\/biomi.vikuk-dev.com\/wp-content\/uploads\/2025\/11\/brain.png\" class=\"attachment-large size-large wp-image-101\" alt=\"\" srcset=\"https:\/\/biomi.vikuk-dev.com\/wp-content\/uploads\/2025\/11\/brain.png 512w, https:\/\/biomi.vikuk-dev.com\/wp-content\/uploads\/2025\/11\/brain-300x300.png 300w, https:\/\/biomi.vikuk-dev.com\/wp-content\/uploads\/2025\/11\/brain-150x150.png 150w\" sizes=\"(max-width: 512px) 100vw, 512px\" \/>\t\t\t\t\t\t\t\t\t\t\t\t\t\t\t<\/div>\n\t\t\t\t<div class=\"elementor-element elementor-element-2e195b9 elementor-widget elementor-widget-icon-box\" data-id=\"2e195b9\" data-element_type=\"widget\" data-e-type=\"widget\" data-widget_type=\"icon-box.default\">\n\t\t\t\t\t\t\t<div class=\"elementor-icon-box-wrapper\">\n\n\t\t\t\n\t\t\t\t\t\t<div class=\"elementor-icon-box-content\">\n\n\t\t\t\t\t\t\t\t\t<h3 class=\"elementor-icon-box-title\">\n\t\t\t\t\t\t<span  >\n\t\t\t\t\t\t\tDurch Wissen den Schmerz kontrollieren\t\t\t\t\t\t<\/span>\n\t\t\t\t\t<\/h3>\n\t\t\t\t\n\t\t\t\t\n\t\t\t<\/div>\n\t\t\t\n\t\t<\/div>\n\t\t\t\t\t\t<\/div>\n\t\t\t\t<\/div>\n\t\t<div class=\"elementor-element elementor-element-8e23254 animated-fast e-con-full e-flex elementor-invisible e-con e-child\" data-id=\"8e23254\" data-element_type=\"container\" data-e-type=\"container\" data-settings=\"{&quot;background_background&quot;:&quot;classic&quot;,&quot;animation&quot;:&quot;fadeInUp&quot;,&quot;animation_delay&quot;:200}\">\n\t\t\t\t<div class=\"elementor-element elementor-element-adf2487 elementor-widget elementor-widget-image\" data-id=\"adf2487\" data-element_type=\"widget\" data-e-type=\"widget\" data-widget_type=\"image.default\">\n\t\t\t\t\t\t\t\t\t\t\t\t\t\t\t<img loading=\"lazy\" decoding=\"async\" width=\"512\" height=\"512\" src=\"https:\/\/biomi.vikuk-dev.com\/wp-content\/uploads\/2025\/11\/summit.png\" class=\"attachment-large size-large wp-image-100\" alt=\"\" srcset=\"https:\/\/biomi.vikuk-dev.com\/wp-content\/uploads\/2025\/11\/summit.png 512w, https:\/\/biomi.vikuk-dev.com\/wp-content\/uploads\/2025\/11\/summit-300x300.png 300w, https:\/\/biomi.vikuk-dev.com\/wp-content\/uploads\/2025\/11\/summit-150x150.png 150w\" sizes=\"(max-width: 512px) 100vw, 512px\" \/>\t\t\t\t\t\t\t\t\t\t\t\t\t\t\t<\/div>\n\t\t\t\t<div class=\"elementor-element elementor-element-c372d47 elementor-widget elementor-widget-icon-box\" data-id=\"c372d47\" data-element_type=\"widget\" data-e-type=\"widget\" data-widget_type=\"icon-box.default\">\n\t\t\t\t\t\t\t<div class=\"elementor-icon-box-wrapper\">\n\n\t\t\t\n\t\t\t\t\t\t<div class=\"elementor-icon-box-content\">\n\n\t\t\t\t\t\t\t\t\t<h3 class=\"elementor-icon-box-title\">\n\t\t\t\t\t\t<span  >\n\t\t\t\t\t\t\tBessere Therapieerfolge durch Spielspa\u00df\t\t\t\t\t\t<\/span>\n\t\t\t\t\t<\/h3>\n\t\t\t\t\n\t\t\t\t\n\t\t\t<\/div>\n\t\t\t\n\t\t<\/div>\n\t\t\t\t\t\t<\/div>\n\t\t\t\t<\/div>\n\t\t\t\t<div class=\"elementor-element elementor-element-582b498 elementor-align-center animated-fast elementor-mobile-align-center elementor-widget__width-inherit elementor-invisible elementor-widget elementor-widget-button\" data-id=\"582b498\" data-element_type=\"widget\" data-e-type=\"widget\" data-settings=\"{&quot;_animation&quot;:&quot;fadeInUp&quot;,&quot;_animation_delay&quot;:1000}\" data-widget_type=\"button.default\">\n\t\t\t\t\t\t\t\t\t\t<a class=\"elementor-button elementor-button-link elementor-size-lg\" href=\"\/de\/contact-us\/\">\n\t\t\t\t\t\t<span class=\"elementor-button-content-wrapper\">\n\t\t\t\t\t\t\t\t\t<span class=\"elementor-button-text\">Kontakt<\/span>\n\t\t\t\t\t<\/span>\n\t\t\t\t\t<\/a>\n\t\t\t\t\t\t\t\t<\/div>\n\t\t\t\t<\/div>\n\t\t\t\t\t<\/div>\n\t\t\t\t<\/div>\n\t\t\t\t<\/div>","protected":false},"excerpt":{"rendered":"<p>Home &#8211; Unique Therapy Your journey into a new world of therapy starts here. Put it on, breathe deeply, enjoy \u2013 for greater quality of life. What you experience cannot be shown in pictures \u2013 you have to experience Kimio for yourself.\u201d Immersive, evidence-based therapy \u2013 only possible to experience through application. Get started now [&hellip;]<\/p>","protected":false},"author":1,"featured_media":0,"parent":0,"menu_order":0,"comment_status":"closed","ping_status":"closed","template":"elementor_header_footer","meta":{"footnotes":""},"class_list":["post-215","page","type-page","status-publish","hentry"],"_links":{"self":[{"href":"https:\/\/biomi.vikuk-dev.com\/de\/wp-json\/wp\/v2\/pages\/215","targetHints":{"allow":["GET"]}}],"collection":[{"href":"https:\/\/biomi.vikuk-dev.com\/de\/wp-json\/wp\/v2\/pages"}],"about":[{"href":"https:\/\/biomi.vikuk-dev.com\/de\/wp-json\/wp\/v2\/types\/page"}],"author":[{"embeddable":true,"href":"https:\/\/biomi.vikuk-dev.com\/de\/wp-json\/wp\/v2\/users\/1"}],"replies":[{"embeddable":true,"href":"https:\/\/biomi.vikuk-dev.com\/de\/wp-json\/wp\/v2\/comments?post=215"}],"version-history":[{"count":46,"href":"https:\/\/biomi.vikuk-dev.com\/de\/wp-json\/wp\/v2\/pages\/215\/revisions"}],"predecessor-version":[{"id":462,"href":"https:\/\/biomi.vikuk-dev.com\/de\/wp-json\/wp\/v2\/pages\/215\/revisions\/462"}],"wp:attachment":[{"href":"https:\/\/biomi.vikuk-dev.com\/de\/wp-json\/wp\/v2\/media?parent=215"}],"curies":[{"name":"wp","href":"https:\/\/api.w.org\/{rel}","templated":true}]}}