{"id":284,"date":"2025-11-24T13:46:12","date_gmt":"2025-11-24T13:46:12","guid":{"rendered":"https:\/\/biomi.vikuk-dev.com\/?page_id=284"},"modified":"2025-12-13T15:56:06","modified_gmt":"2025-12-13T15:56:06","slug":"scientific-studies","status":"publish","type":"page","link":"https:\/\/biomi.vikuk-dev.com\/de\/scientific-studies\/","title":{"rendered":"Wissenschaft"},"content":{"rendered":"<div data-elementor-type=\"wp-page\" data-elementor-id=\"284\" class=\"elementor elementor-284\" data-elementor-post-type=\"page\">\n\t\t\t\t<div class=\"elementor-element elementor-element-6246d0c e-flex e-con-boxed e-con e-parent\" data-id=\"6246d0c\" data-element_type=\"container\" data-e-type=\"container\" data-settings=\"{&quot;background_background&quot;:&quot;classic&quot;}\">\n\t\t\t\t\t<div class=\"e-con-inner\">\n\t\t<div class=\"elementor-element elementor-element-d8d32bf e-con-full e-flex e-con e-child\" data-id=\"d8d32bf\" data-element_type=\"container\" data-e-type=\"container\">\n\t\t\t\t<div class=\"elementor-element elementor-element-08b05f0 elementor-widget__width-auto animated-fast elementor-invisible elementor-widget elementor-widget-heading\" data-id=\"08b05f0\" data-element_type=\"widget\" data-e-type=\"widget\" data-settings=\"{&quot;_animation&quot;:&quot;fadeInUp&quot;,&quot;_animation_delay&quot;:200}\" data-widget_type=\"heading.default\">\n\t\t\t\t\t<div class=\"elementor-heading-title elementor-size-default\"><a href=\"https:\/\/biomi.vikuk-dev.com\/de\">Home<\/a><\/div>\t\t\t\t<\/div>\n\t\t\t\t<div class=\"elementor-element elementor-element-bc18b40 elementor-widget__width-auto animated-fast elementor-invisible elementor-widget elementor-widget-heading\" data-id=\"bc18b40\" data-element_type=\"widget\" data-e-type=\"widget\" data-settings=\"{&quot;_animation&quot;:&quot;fadeInUp&quot;,&quot;_animation_delay&quot;:400}\" data-widget_type=\"heading.default\">\n\t\t\t\t\t<div class=\"elementor-heading-title elementor-size-default\"><a href=\"https:\/\/biomi.vikuk-dev.com\/de\">-<\/a><\/div>\t\t\t\t<\/div>\n\t\t\t\t<div class=\"elementor-element elementor-element-3547c77 elementor-widget__width-auto animated-fast elementor-invisible elementor-widget elementor-widget-heading\" data-id=\"3547c77\" data-element_type=\"widget\" data-e-type=\"widget\" data-settings=\"{&quot;_animation&quot;:&quot;fadeInUp&quot;,&quot;_animation_delay&quot;:600}\" data-widget_type=\"heading.default\">\n\t\t\t\t\t<div class=\"elementor-heading-title elementor-size-default\">Wissenschaft<\/div>\t\t\t\t<\/div>\n\t\t\t\t<\/div>\n\t\t\t\t\t<\/div>\n\t\t\t\t<\/div>\n\t\t<div class=\"elementor-element elementor-element-882e2c3 e-flex e-con-boxed e-con e-parent\" data-id=\"882e2c3\" data-element_type=\"container\" data-e-type=\"container\">\n\t\t\t\t\t<div class=\"e-con-inner\">\n\t\t<div class=\"elementor-element elementor-element-2d43954 e-con-full e-flex e-con e-child\" data-id=\"2d43954\" data-element_type=\"container\" data-e-type=\"container\">\n\t\t<div class=\"elementor-element elementor-element-43ba5e7 e-flex e-con-boxed e-con e-child\" data-id=\"43ba5e7\" data-element_type=\"container\" data-e-type=\"container\">\n\t\t\t\t\t<div class=\"e-con-inner\">\n\t\t<div class=\"elementor-element elementor-element-25098b8 e-con-full e-flex e-con e-child\" data-id=\"25098b8\" data-element_type=\"container\" data-e-type=\"container\">\n\t\t<div class=\"elementor-element elementor-element-41b9632 e-con-full e-flex e-con e-child\" data-id=\"41b9632\" data-element_type=\"container\" data-e-type=\"container\">\n\t\t\t\t<div class=\"elementor-element elementor-element-e6a0a33 elementor-widget elementor-widget-text-editor\" data-id=\"e6a0a33\" data-element_type=\"widget\" data-e-type=\"widget\" data-widget_type=\"text-editor.default\">\n\t\t\t\t\t\t\t\t\t<p>KIMIO basiert auf den neuesten wissenschaftlichen Erkenntnissen und vereint aktuelle Forschung mit innovativer Praxis. Wir arbeiten eng mit f\u00fchrenden Wissenschaftlerinnen und Wissenschaftlern aus den Bereichen Psychologie, Schmerztherapie und Physiotherapie zusammen. Besonders stolz sind wir auf unsere Kooperationen mit der Universit\u00e4t W\u00fcrzburg und der Universit\u00e4tsklinik W\u00fcrzburg.<\/p>\t\t\t\t\t\t\t\t<\/div>\n\t\t<div class=\"elementor-element elementor-element-557b1c1 e-con-full e-flex e-con e-child\" data-id=\"557b1c1\" data-element_type=\"container\" data-e-type=\"container\">\n\t\t\t\t<div class=\"elementor-element elementor-element-a22f091 elementor-widget__width-initial elementor-widget-mobile__width-initial elementor-widget elementor-widget-image\" data-id=\"a22f091\" data-element_type=\"widget\" data-e-type=\"widget\" data-widget_type=\"image.default\">\n\t\t\t\t\t\t\t\t\t\t\t\t\t\t\t<img fetchpriority=\"high\" decoding=\"async\" width=\"423\" height=\"154\" src=\"https:\/\/biomi.vikuk-dev.com\/wp-content\/uploads\/2025\/11\/iScreen-Shoter-Zen-25111383653-PM.jpg\" class=\"attachment-large size-large wp-image-112\" alt=\"\" srcset=\"https:\/\/biomi.vikuk-dev.com\/wp-content\/uploads\/2025\/11\/iScreen-Shoter-Zen-25111383653-PM.jpg 423w, https:\/\/biomi.vikuk-dev.com\/wp-content\/uploads\/2025\/11\/iScreen-Shoter-Zen-25111383653-PM-300x109.jpg 300w\" sizes=\"(max-width: 423px) 100vw, 423px\" \/>\t\t\t\t\t\t\t\t\t\t\t\t\t\t\t<\/div>\n\t\t\t\t<div class=\"elementor-element elementor-element-4242198 elementor-widget__width-initial elementor-widget elementor-widget-image\" data-id=\"4242198\" data-element_type=\"widget\" data-e-type=\"widget\" data-widget_type=\"image.default\">\n\t\t\t\t\t\t\t\t\t\t\t\t\t\t\t<img decoding=\"async\" width=\"534\" height=\"159\" src=\"https:\/\/biomi.vikuk-dev.com\/wp-content\/uploads\/2025\/11\/iScreen-Shoter-Zen-25111383703-PM.jpg\" class=\"attachment-large size-large wp-image-111\" alt=\"\" srcset=\"https:\/\/biomi.vikuk-dev.com\/wp-content\/uploads\/2025\/11\/iScreen-Shoter-Zen-25111383703-PM.jpg 534w, https:\/\/biomi.vikuk-dev.com\/wp-content\/uploads\/2025\/11\/iScreen-Shoter-Zen-25111383703-PM-300x89.jpg 300w\" sizes=\"(max-width: 534px) 100vw, 534px\" \/>\t\t\t\t\t\t\t\t\t\t\t\t\t\t\t<\/div>\n\t\t\t\t<\/div>\n\t\t\t\t<div class=\"elementor-element elementor-element-9e7ac9e elementor-widget elementor-widget-text-editor\" data-id=\"9e7ac9e\" data-element_type=\"widget\" data-e-type=\"widget\" data-widget_type=\"text-editor.default\">\n\t\t\t\t\t\t\t\t\t<p>Unser Ziel ist es, eine wissenschaftlich fundierte, gamifizierte und multimodale Schmerztherapie anzubieten, die auf nachgewiesener Wirksamkeit beruht.<\/p><p>Die Therapiebausteine beruhen auf Interventionen, deren Wirksamkeit wissenschaftlich belegt ist und in Behandlungsleitlinien f\u00fcr die Therapie unspezifischer R\u00fcckenschmerzen empfohlen werden. Es gibt dar\u00fcber hinaus zahlreiche Studien, die die Wirksamkeit einzelner Bestandteile unserer Anwendung in virtueller Realit\u00e4t belegen. Schauen Sie regelm\u00e4\u00dfig vorbei \u2013 wir erg\u00e4nzen diese Seite laufend um neue Erkenntnisse und aktuelle Studien.<\/p><p>Erste Studien zeigen sowohl die Machbarkeit als auch eine signifikante Schmerzreduktion (s. Preprint).<\/p>\t\t\t\t\t\t\t\t<\/div>\n\t\t\t\t<div class=\"elementor-element elementor-element-8217f0c elementor-widget elementor-widget-button\" data-id=\"8217f0c\" data-element_type=\"widget\" data-e-type=\"widget\" data-widget_type=\"button.default\">\n\t\t\t\t\t\t\t\t\t\t<a class=\"elementor-button elementor-button-link elementor-size-sm\" href=\"https:\/\/preprints.jmir.org\/preprint\/81051\" target=\"_blank\">\n\t\t\t\t\t\t<span class=\"elementor-button-content-wrapper\">\n\t\t\t\t\t\t\t\t\t<span class=\"elementor-button-text\">Preprint<\/span>\n\t\t\t\t\t<\/span>\n\t\t\t\t\t<\/a>\n\t\t\t\t\t\t\t\t<\/div>\n\t\t\t\t<\/div>\n\t\t<div class=\"elementor-element elementor-element-bb1f8c9 e-con-full e-flex e-con e-child\" data-id=\"bb1f8c9\" data-element_type=\"container\" data-e-type=\"container\">\n\t\t\t\t<div class=\"elementor-element elementor-element-6a99668 elementor-widget elementor-widget-image\" data-id=\"6a99668\" data-element_type=\"widget\" data-e-type=\"widget\" data-widget_type=\"image.default\">\n\t\t\t\t\t\t\t\t\t\t\t\t\t\t\t<img decoding=\"async\" width=\"2048\" height=\"1536\" src=\"https:\/\/biomi.vikuk-dev.com\/wp-content\/uploads\/2025\/11\/IMG_7883.jpeg\" class=\"attachment-full size-full wp-image-356\" alt=\"\" srcset=\"https:\/\/biomi.vikuk-dev.com\/wp-content\/uploads\/2025\/11\/IMG_7883.jpeg 2048w, https:\/\/biomi.vikuk-dev.com\/wp-content\/uploads\/2025\/11\/IMG_7883-300x225.jpeg 300w, https:\/\/biomi.vikuk-dev.com\/wp-content\/uploads\/2025\/11\/IMG_7883-1024x768.jpeg 1024w, https:\/\/biomi.vikuk-dev.com\/wp-content\/uploads\/2025\/11\/IMG_7883-768x576.jpeg 768w, https:\/\/biomi.vikuk-dev.com\/wp-content\/uploads\/2025\/11\/IMG_7883-1536x1152.jpeg 1536w, https:\/\/biomi.vikuk-dev.com\/wp-content\/uploads\/2025\/11\/IMG_7883-16x12.jpeg 16w\" sizes=\"(max-width: 2048px) 100vw, 2048px\" \/>\t\t\t\t\t\t\t\t\t\t\t\t\t\t\t<\/div>\n\t\t\t\t<\/div>\n\t\t\t\t<\/div>\n\t\t\t\t<div class=\"elementor-element elementor-element-7aa00a8 elementor-widget elementor-widget-text-editor\" data-id=\"7aa00a8\" data-element_type=\"widget\" data-e-type=\"widget\" data-widget_type=\"text-editor.default\">\n\t\t\t\t\t\t\t\t\t<p><strong>Neumann, I., Lindner, S., Nedilko, Y., Zhivova, R., G\u00f6dde, M., Tischer-Zeitz, T., Rittner, H. L., &amp; K\u00e4thner, I. (2025). Virtual Reality for the Treatment of Chronic Back Pain: A Prospective Study with a Novel Intervention Combining Movement Exercises and Body Illusions. JMIR Preprints.<\/strong><br \/><a href=\"https:\/\/doi.org\/10.2196\/preprints.81051\">Quelle<\/a><\/p><hr \/><p><strong>Bordeleau, M., Stamenkovic, A., Tardif, P. A., &amp; Thomas, J. (2022). The Use of Virtual Reality in Back Pain Rehabilitation: A Systematic Review and Meta-Analysis. The Journal of Pain, 23(2), 175-195.<\/strong><br \/><a href=\"https:\/\/doi.org\/10.1016\/j.jpain.2021.08.001\">Quelle<\/a><\/p><hr \/><p><strong>Lier, E. J., de Vries, M., Steggink, E. M., ten Broek, R. P. G., &amp; van Goor, H. (2023). Effect modifiers of virtual reality in pain management: A systematic review and meta-regression analysis. Pain, 164(8), 1658\u20131665.<\/strong><br \/><a href=\"https:\/\/doi.org\/10.1097\/j.pain.0000000000002883\">Quelle<\/a><\/p><hr \/><p><strong>Trost, Z., France, C., Anam, M., &amp; Shum, C. (2021). Virtual Reality Approaches to Pain: Toward a State of the Science. Pain, 162(2), 325-331.<\/strong><br \/><a href=\"https:\/\/doi.org\/10.1097\/j.pain.0000000000002060\">Quelle<\/a><\/p><hr \/><p><strong><span class=\"TextRun SCXW49174135 BCX8\" lang=\"DE-DE\" xml:lang=\"DE-DE\" data-contrast=\"auto\"><span class=\"NormalTextRun SCXW49174135 BCX8\">Lindner, S., <\/span><span class=\"NormalTextRun SpellingErrorV2Themed SpellingErrorHighlight SCXW49174135 BCX8\">Latoschik<\/span><span class=\"NormalTextRun SCXW49174135 BCX8\">, M.-E., &amp; Rittner, H. (2020). Virtual Reality als Baustein in der Behandlung akuter und chronischer Schmerzen. <\/span><\/span><span class=\"TextRun SCXW49174135 BCX8\" lang=\"DE-DE\" xml:lang=\"DE-DE\" data-contrast=\"auto\"><span class=\"NormalTextRun SCXW49174135 BCX8\">AINS &#8211; An\u00e4sthesiologie \u00b7 Intensivmedizin \u00b7 Notfallmedizin \u00b7 Schmerztherapie<\/span><\/span><span class=\"TextRun SCXW49174135 BCX8\" lang=\"DE-DE\" xml:lang=\"DE-DE\" data-contrast=\"auto\"><span class=\"NormalTextRun SCXW49174135 BCX8\">, <\/span><\/span><span class=\"TextRun SCXW49174135 BCX8\" lang=\"DE-DE\" xml:lang=\"DE-DE\" data-contrast=\"auto\"><span class=\"NormalTextRun SCXW49174135 BCX8\">55<\/span><\/span><span class=\"TextRun SCXW49174135 BCX8\" lang=\"DE-DE\" xml:lang=\"DE-DE\" data-contrast=\"auto\"><span class=\"NormalTextRun SCXW49174135 BCX8\">(9), 549\u2013561.<\/span><\/span><\/strong><br \/><a href=\"https:\/\/doi.org\/10.1055\/a-1022-3038\">Quelle<\/a><\/p>\t\t\t\t\t\t\t\t<\/div>\n\t\t\t\t\t<\/div>\n\t\t\t\t<\/div>\n\t\t\t\t<\/div>\n\t\t\t\t\t<\/div>\n\t\t\t\t<\/div>\n\t\t\t\t<\/div>","protected":false},"excerpt":{"rendered":"<p>Home &#8211; Scientific Studies KIMIO\u00a0is based on the latest scientific findings and combines current research with innovative practice. We work closely with leading scientists from the fields of psychology, pain therapy, and physiotherapy. We are especially proud of our collaborations with the\u00a0Universit\u00e4t W\u00fcrzburg\u00a0and the\u00a0Universit\u00e4tsklinik W\u00fcrzburg. Our goal is to offer a scientifically validated, gamified, and [&hellip;]<\/p>","protected":false},"author":1,"featured_media":0,"parent":0,"menu_order":0,"comment_status":"closed","ping_status":"closed","template":"elementor_header_footer","meta":{"footnotes":""},"class_list":["post-284","page","type-page","status-publish","hentry"],"_links":{"self":[{"href":"https:\/\/biomi.vikuk-dev.com\/de\/wp-json\/wp\/v2\/pages\/284","targetHints":{"allow":["GET"]}}],"collection":[{"href":"https:\/\/biomi.vikuk-dev.com\/de\/wp-json\/wp\/v2\/pages"}],"about":[{"href":"https:\/\/biomi.vikuk-dev.com\/de\/wp-json\/wp\/v2\/types\/page"}],"author":[{"embeddable":true,"href":"https:\/\/biomi.vikuk-dev.com\/de\/wp-json\/wp\/v2\/users\/1"}],"replies":[{"embeddable":true,"href":"https:\/\/biomi.vikuk-dev.com\/de\/wp-json\/wp\/v2\/comments?post=284"}],"version-history":[{"count":22,"href":"https:\/\/biomi.vikuk-dev.com\/de\/wp-json\/wp\/v2\/pages\/284\/revisions"}],"predecessor-version":[{"id":449,"href":"https:\/\/biomi.vikuk-dev.com\/de\/wp-json\/wp\/v2\/pages\/284\/revisions\/449"}],"wp:attachment":[{"href":"https:\/\/biomi.vikuk-dev.com\/de\/wp-json\/wp\/v2\/media?parent=284"}],"curies":[{"name":"wp","href":"https:\/\/api.w.org\/{rel}","templated":true}]}}